{"id":2,"date":"2017-02-07T11:44:59","date_gmt":"2017-02-07T11:44:59","guid":{"rendered":"http:\/\/dascor.net\/?page_id=2"},"modified":"2021-06-08T09:35:22","modified_gmt":"2021-06-08T09:35:22","slug":"home","status":"publish","type":"page","link":"https:\/\/dascor.net\/en\/","title":{"rendered":"Home"},"content":{"rendered":"<p><\/p>\n<div class=\"contenedorInicio\">\n<article class=\" container\"> <!--slider--><\/p>\n<div class=\"row \">\n<div class=\"col-lg-10 col-md-offset-1\">\n<div class=\"slider-home slider1\">\n<div class=\"col-md-6 col-sm-7 col-xs-12 columnaSlider\">\n<div class=\"col-md-11  col-md-offset-1 col-sm-11 col-sm-offset-1 col-xs-12 col-xs-offset-0 a-buscar\">\n<h2>3M adhesive tapes<br \/>Looking for a specific product?<br \/>\n              <\/h2>\n<\/p><\/div>\n<div class=\"col-md-11  col-md-offset-1 col-sm-11 col-sm-offset-1 col-xs-12 col-xs-offset-0 a-buscar\">\n              <a href=\"\/en\/adhesive-products\/\" class=\"hvr-sweep-to-bottom\">Search for an adhesive tape <\/a>\n            <\/div>\n<div class=\"col-md-12 col-md-offset-0 col-sm-12 col-sm-offset-0 col-xs-12 col-xs-offset-0 a-buscar\">\n<h2>\n               Conversions, die-cutting and<br \/>transformations of adhesive tape<br \/>to satisfy your requests<br \/>\n              <\/h2>\n<\/p><\/div>\n<div class=\"col-md-11  col-md-offset-1 col-sm-11 col-sm-offset-1 col-xs-12 col-xs-offset-0 a-buscar\">\n              <a href=\"\/en\/tailored-adhesives\/\" class=\"hvr-sweep-to-bottom\">I need a tailored solution <\/a>\n            <\/div>\n<\/p><\/div>\n<\/p><\/div>\n<\/p><\/div>\n<\/p><\/div>\n<div class=\"row\">\n<div class=\"col-lg-10 col-md-offset-1\" style=\"padding-left: 0px !important;padding-right: 0px !important;\">\n<div class=\"col-md-6 ban_inicio_left\"> <!--ban grande--><br \/>\n          <a href=\"\/en\/tailored-adhesives\/\" class=\"big_ban\"><\/p>\n<div class=\"cont_cont\">\n<h2>ALL TYPES OF INDUSTRIAL APPLICATIONS OF ADHESIVE TAPE<\/h2>\n<p>              White goods industry, telephony, automotive, home appliances, consumer products, graphic arts.\n            <\/p><\/div>\n<div class=\"cont_big_ban\"><\/div>\n<p>          <\/a>\n        <\/div>\n<div class=\"col-md-6 ban_inicio_right\"> <!--ban chico--><\/p>\n<div class=\"row\">\n<div class=\"col-md-12\">\n            <a href=\"\/en\/adhesive-products\/\" class=\"min_ban cont_ban_right inicio_ban_superior\" style=\"background-image:url(\/wp-content\/themes\/dascor\/img\/inicio\/consulta-nuestros-productos-3m-adhesivos.jpg)\"><\/p>\n<div class=\"cont_cont\">\n<h2>CONSULT OUR 3M PRODUCTS<\/h2>\n<\/p><\/div>\n<div class=\"cont_big_ban ban_color2\"><\/div>\n<p>            <\/a><br \/>\n            <a href=\"\/en\/technical-resources\/\" class=\"min_ban inicio_ban_inferior\" style=\"background-image:url(\/wp-content\/themes\/dascor\/img\/inicio\/manipulados-troquelados-de-cinta-adhesiva-3m.jpg)\"><\/p>\n<div class=\"cont_cont\">\n<h2>CONVERSIONS AND DIE-CUTTING ADAPTED TO YOUR NEEDS<\/h2>\n<\/p><\/div>\n<div class=\"cont_big_ban ban_color3\"><\/div>\n<p>            <\/a>\n          <\/div>\n<\/p><\/div>\n<\/p><\/div>\n<\/p><\/div>\n<\/p><\/div>\n<\/article>\n<\/div>\n<article class=\"container panelTextoInicio30anios\"> <!--text--><\/p>\n<div class=\"row\">\n<div class=\"col-lg-6 col-lg-offset-3 col-md-8 col-md-offset-2 col-sm-12 dascor-ofrece\">\n<p>\n          More than 30 years of experience in the <strong>conversion of adhesive tapes, cutting of rolls to different widths, lamination on other substrates and die-cutting<\/strong> with different presentations (loose parts and rolls) to offer you the best productive solution.\n        <\/p>\n<\/p><\/div>\n<\/p><\/div>\n<\/article>\n<article class=\"container grupo_imagenes_inicio\"> <!--text--><\/p>\n<div class=\"row\">\n<div class=\"col-lg-10 col-lg-offset-1 col-md-8 col-md-offset-3 col-sm-8 col-sm-offset-3 col-xs-6 col-xs-offset-3\">\n<div style=\"display: inline;\"><img decoding=\"async\" src=\"\/wp-content\/themes\/dascor\/img\/inicio\/adhesivos2.jpg\" alt=\"\" \/><\/div>\n<div style=\"display: inline;\"><img decoding=\"async\" src=\"\/wp-content\/themes\/dascor\/img\/inicio\/adhesivos1.jpg\" alt=\"\" \/><\/div>\n<div style=\"display: inline;\"><img decoding=\"async\" src=\"\/wp-content\/themes\/dascor\/img\/inicio\/adhesivos3.jpg\" alt=\"\" \/><\/div>\n<div style=\"display: inline;\"><img decoding=\"async\" src=\"\/wp-content\/themes\/dascor\/img\/inicio\/adhesivos4.jpg\" alt=\"\" \/><\/div>\n<div style=\"display: inline;\"><img decoding=\"async\" src=\"\/wp-content\/themes\/dascor\/img\/inicio\/adhesivos5.jpg\" alt=\"\" \/><\/div>\n<div style=\"display: inline;\"><img decoding=\"async\" src=\"\/wp-content\/themes\/dascor\/img\/inicio\/adhesivos6.jpg\" alt=\"\" \/><\/div>\n<\/p><\/div>\n<\/p><\/div>\n<\/article>\n<article class=\"container\">\n    <!-- \n\n<div class=\"row\"> --><br \/>\n      <!-- \n\n<div class=\"col-lg-4 col-lg-offset-4 col-md-4 col-md-offset-4 col-sm-8 col-sm-offset-3 col-xs-6 col-xs-offset-1 img_firma\"> --><br \/>\n        <img decoding=\"async\" src=\"\/wp-content\/themes\/dascor\/img\/inicio\/3m-preferred-converter.jpg\" class=\"img-responsive img_firma\" alt=\"\" \/><br \/>\n      <!-- <\/div>\n\n --><br \/>\n    <!-- <\/div>\n\n --><br \/>\n  <\/article>\n<article class=\"container\"> <!--text--><\/p>\n<div class=\"row\">\n<div class=\"col-lg-6 col-lg-offset-3 col-md-8 col-md-offset-2 col-sm-12 dascor-ofrece\" style=\"margin-top: 20px !important;\">\n<p>\n          At Dascor you will find a flexible team. People who adapt to your needs for <strong>small series or tight delivery deadlines<\/strong>.<\/p>\n<p>          We are a <strong>\u201c3M Preferred Converter\u201d<\/strong>. We combine the innovation of 3M with our experience in conversion and die-cutting, to create exactly what our customer demands. Through the use of processes such as tailored die-cutting or substrate lamination adhesives, we are capable of designing innovative products that satisfy the most specific needs of your company or business.\n        <\/p>\n<\/p><\/div>\n<\/p><\/div>\n<\/article>\n<div  class=\"clearfix\"><\/div>\n<div class=\"cinta_adhesiva_inicio\">\n<div class=\"container\">\n<h1>Discover the safest<br \/>solutions in adhesive tape:<\/h1>\n<div class=\"row cintas\">\n<div class=\"col-lg-3 col-md-3 col-sm-3 col-xs-9 col-xs-offset-1 col-sm-offset-0\" >\n            <span class=\"resaltado\">Special single-sided tapes<\/span><br \/>\n            <span>Labelling and identification<\/span><br \/>\n            <span>Dissipation of heat and cold<\/span><br \/>\n            <span>Sliding and non-slip surfaces<\/span><br \/>\n            <span>Double-sided non-repulpable tapes<\/span><br \/>\n            <span>High-temperature connections and masking<\/span><br \/>\n            <span>Sealing tapes<\/span><br \/>\n            <span>Tape for electroplating processes<\/span><\/p>\n<p>            <span class=\"resaltado marginResaltado\">Cloth Tapes<\/span><br \/>\n            <span>High performance duct tapes<\/span><br \/>\n            <span>General use duct tape<\/span><\/p>\n<p>            <span class=\"resaltado\">Masking tapes<\/span><br \/>\n            <span>Masking tapes<\/span><\/p>\n<p>            <span class=\"resaltado marginResaltado\">Filament and strapping tapes<\/span><br \/>\n            <span>Filament tapes<\/span><br \/>\n            <span>Strapping tapes<\/span><br \/>\n            <span>Small-format products<\/span><\/p>\n<p>            <span class=\"resaltado\">Repulpable tapes<\/span><br \/>\n            <span>Separable double-sided repulpable tapes<\/span><br \/>\n            <span>Non-separable double-sided repulpable tapes<\/span>\n          <\/div>\n<div class=\"col-lg-3 col-md-3 col-sm-3 col-xs-9 col-xs-offset-1 col-sm-offset-0\" >\n            <span>Single-sided repulpable tapes<\/span><br \/>\n            <span>Non-repulpable double-sided tapes<\/span><br \/>\n            <span class=\"resaltado marginResaltado\">Thin double-sided tapes<\/span><br \/>\n            <span>High performance tapes<\/span><br \/>\n            <span>Carpet tapes<\/span><br \/>\n            <span>Repositionable tapes<\/span><br \/>\n            <span>Transfer tapes<\/span><br \/>\n            <span>VHB-ISOTAC transfer tapes<\/span><br \/>\n            <span>ATG tapes<\/span><br \/>\n            <span>ATG equipment<\/span><br \/>\n            <span class=\"resaltado marginResaltado\">Double-sided foam tapes<\/span><br \/>\n            <span>PE foam tapes<\/span><br \/>\n            <span>PU foam tapes<\/span><br \/>\n            <span>Small-format products<\/span><br \/>\n            <span class=\"resaltado marginResaltado\">VHB tapes<\/span><br \/>\n            <span>General use VHB RP<\/span><br \/>\n            <span>VHB for high temperatures<\/span><br \/>\n            <span>Transparent VHB tapes<\/span><br \/>\n            <span>Formable VHB tapes<\/span><br \/>\n            <span>VHB tapes for difficult substrates and powder coating<\/span><\/p><\/div>\n<div class=\"col-lg-3 col-md-3 col-sm-3 col-xs-9 col-xs-offset-1 col-sm-offset-0\" >\n            <span>VHB for application at low temperatures<\/span><br \/>\n            <span>High shear strength VHB<\/span><br \/>\n            <span>Small-format products<\/span><br \/>\n            <span class=\"resaltado marginResaltado\">Removable joining systems<\/span><br \/>\n            <span>Black self-closing Dual Lock<\/span><br \/>\n            <span>Transparent self-closing Dual Lock<\/span><br \/>\n            <span>Black lock one another Dual Lock<\/span><br \/>\n            <span>Low thickness Dual Lock<\/span><br \/>\n            <span>Hook &#038; Loop<\/span><br \/>\n            <span class=\"resaltado marginResaltado\">Adhesivos estructurales<\/span><br \/>\n            <span>EPX presentation<\/span><br \/>\n            <span>Applicators and Accessories<\/span><br \/>\n            <span class=\"resaltado marginResaltado\">Adhesivos ScotchWeld<\/span><br \/>\n            <span>Instant Adhesives<\/span><br \/>\n            <span>Gasketing adhesives<\/span><br \/>\n            <span>Thread sealants<\/span><br \/>\n            <span>Retaining compounds<\/span><br \/>\n            <span>Threadlockers<\/span><br \/>\n            <span>Accelerators<\/span><br \/>\n            <span class=\"resaltado marginResaltado\">Water-based adhesives<\/span><br \/>\n            <span>Water-based adhesives<\/span>\n          <\/div>\n<div class=\"col-lg-3 col-md-3 col-sm-3 col-xs-9 col-xs-offset-1 col-sm-offset-0\" >\n<p>            <span class=\"resaltado marginResaltado\">Solvent adhesives<\/span><br \/>\n            <span>Solvent adhesives<\/span><br \/>\n            <span class=\"resaltado\">Aerosol Adhesives<\/span><br \/>\n            <span>Aerosols<\/span><br \/>\n            <span>Lubricants<\/span><br \/>\n            <span>Cleaners<\/span><br \/>\n            <span class=\"resaltado marginResaltado\">Cylinder spray adhesives<\/span><br \/>\n            <span>Cylinder spray adhesives<\/span><br \/>\n            <span>Nozzles<\/span><br \/>\n            <span>Components<\/span><br \/>\n            <span class=\"resaltado marginResaltado\">Sealants<\/span><br \/>\n            <span>Polyurethanes<\/span><br \/>\n            <span>Hybrid windscreen bonding<\/span><br \/>\n            <span>Preformed Primer sealants<\/span><br \/>\n            <span class=\"resaltado marginResaltado\">Hot-melt \/ reactive adhesives<\/span><br \/>\n            <span>TCQ hot-melt adhesive<\/span><br \/>\n            <span>TCQ hot-melt applicator<\/span><br \/>\n            <span>Reactive hot-melt adhesives<\/span><br \/>\n            <span>Applicators and Accessories for reactive hot-melt adhesives<\/span>\n          <\/div>\n<\/p><\/div>\n<div class=\"row a-boton\">\n<div class=\"col-md-12\">\n            <a href=\"https:\/\/www.3m.com.es\/3M\/es_ES\/p\/\" class=\"hvr-sweep-to-bottom boton_catalago_online\" target=\"_blank\" rel=\"noopener noreferrer\">Access the online catalogue<\/a>\n          <\/div>\n<\/p><\/div>\n<\/p><\/div>\n<\/p><\/div>\n<p><\/p>","protected":false},"excerpt":{"rendered":"<p>3M adhesive tapesLooking for a specific product? Search for an adhesive tape Conversions, die-cutting andtransformations of adhesive tapeto satisfy your requests I need a tailored solution ALL TYPES OF INDUSTRIAL APPLICATIONS OF ADHESIVE TAPE White goods industry, telephony, automotive, home appliances, consumer products, graphic arts. CONSULT OUR 3M PRODUCTS CONVERSIONS AND DIE-CUTTING ADAPTED TO YOUR [&hellip;]<\/p>\n","protected":false},"author":1,"featured_media":0,"parent":0,"menu_order":10,"comment_status":"closed","ping_status":"open","template":"index.php","meta":{"_acf_changed":false,"footnotes":""},"class_list":["post-2","page","type-page","status-publish","hentry"],"acf":[],"yoast_head":"<!-- This site is optimized with the Yoast SEO plugin v24.6 - https:\/\/yoast.com\/wordpress\/plugins\/seo\/ -->\n<title>Aplicaciones Industriales de Cintas Adhesivas | Dascor<\/title>\n<meta name=\"description\" content=\"Empresa de referencia en la aplicaci\u00f3n industrial de cintas adhesivas 3M y aplicaciones espec\u00edficas de pegado. Sectores: automoci\u00f3n, industria, marca blanca\" \/>\n<meta name=\"robots\" content=\"index, follow, max-snippet:-1, max-image-preview:large, max-video-preview:-1\" \/>\n<link rel=\"canonical\" href=\"https:\/\/dascor.net\/\" \/>\n<meta property=\"og:locale\" content=\"en_US\" \/>\n<meta property=\"og:type\" content=\"article\" \/>\n<meta property=\"og:title\" content=\"Aplicaciones Industriales de Cintas Adhesivas | Dascor\" \/>\n<meta property=\"og:description\" content=\"Empresa de referencia en la aplicaci\u00f3n industrial de cintas adhesivas 3M y aplicaciones espec\u00edficas de pegado. Sectores: automoci\u00f3n, industria, marca blanca\" \/>\n<meta property=\"og:url\" content=\"https:\/\/dascor.net\/\" \/>\n<meta property=\"og:site_name\" content=\"dascor\" \/>\n<meta property=\"article:modified_time\" content=\"2021-06-08T09:35:22+00:00\" \/>\n<meta name=\"twitter:card\" content=\"summary_large_image\" \/>\n<meta name=\"twitter:label1\" content=\"Est. reading time\" \/>\n\t<meta name=\"twitter:data1\" content=\"5 minutes\" \/>\n<script type=\"application\/ld+json\" class=\"yoast-schema-graph\">{\"@context\":\"https:\/\/schema.org\",\"@graph\":[{\"@type\":\"WebPage\",\"@id\":\"https:\/\/dascor.net\/\",\"url\":\"https:\/\/dascor.net\/\",\"name\":\"Aplicaciones Industriales de Cintas Adhesivas | Dascor\",\"isPartOf\":{\"@id\":\"https:\/\/dascor.net\/#website\"},\"datePublished\":\"2017-02-07T11:44:59+00:00\",\"dateModified\":\"2021-06-08T09:35:22+00:00\",\"description\":\"Empresa de referencia en la aplicaci\u00f3n industrial de cintas adhesivas 3M y aplicaciones espec\u00edficas de pegado. Sectores: automoci\u00f3n, industria, marca blanca\",\"breadcrumb\":{\"@id\":\"https:\/\/dascor.net\/#breadcrumb\"},\"inLanguage\":\"en-US\",\"potentialAction\":[{\"@type\":\"ReadAction\",\"target\":[\"https:\/\/dascor.net\/\"]}]},{\"@type\":\"BreadcrumbList\",\"@id\":\"https:\/\/dascor.net\/#breadcrumb\",\"itemListElement\":[{\"@type\":\"ListItem\",\"position\":1,\"name\":\"Portada\",\"item\":\"https:\/\/dascor.net\/\"},{\"@type\":\"ListItem\",\"position\":2,\"name\":\"Inicio\"}]},{\"@type\":\"WebSite\",\"@id\":\"https:\/\/dascor.net\/#website\",\"url\":\"https:\/\/dascor.net\/\",\"name\":\"dascor\",\"description\":\"Otro sitio realizado con WordPress\",\"potentialAction\":[{\"@type\":\"SearchAction\",\"target\":{\"@type\":\"EntryPoint\",\"urlTemplate\":\"https:\/\/dascor.net\/?s={search_term_string}\"},\"query-input\":{\"@type\":\"PropertyValueSpecification\",\"valueRequired\":true,\"valueName\":\"search_term_string\"}}],\"inLanguage\":\"en-US\"}]}<\/script>\n<!-- \/ Yoast SEO plugin. -->","yoast_head_json":{"title":"Aplicaciones Industriales de Cintas Adhesivas | Dascor","description":"Empresa de referencia en la aplicaci\u00f3n industrial de cintas adhesivas 3M y aplicaciones espec\u00edficas de pegado. Sectores: automoci\u00f3n, industria, marca blanca","robots":{"index":"index","follow":"follow","max-snippet":"max-snippet:-1","max-image-preview":"max-image-preview:large","max-video-preview":"max-video-preview:-1"},"canonical":"https:\/\/dascor.net\/","og_locale":"en_US","og_type":"article","og_title":"Aplicaciones Industriales de Cintas Adhesivas | Dascor","og_description":"Empresa de referencia en la aplicaci\u00f3n industrial de cintas adhesivas 3M y aplicaciones espec\u00edficas de pegado. Sectores: automoci\u00f3n, industria, marca blanca","og_url":"https:\/\/dascor.net\/","og_site_name":"dascor","article_modified_time":"2021-06-08T09:35:22+00:00","twitter_card":"summary_large_image","twitter_misc":{"Est. reading time":"5 minutes"},"schema":{"@context":"https:\/\/schema.org","@graph":[{"@type":"WebPage","@id":"https:\/\/dascor.net\/","url":"https:\/\/dascor.net\/","name":"Aplicaciones Industriales de Cintas Adhesivas | Dascor","isPartOf":{"@id":"https:\/\/dascor.net\/#website"},"datePublished":"2017-02-07T11:44:59+00:00","dateModified":"2021-06-08T09:35:22+00:00","description":"Empresa de referencia en la aplicaci\u00f3n industrial de cintas adhesivas 3M y aplicaciones espec\u00edficas de pegado. Sectores: automoci\u00f3n, industria, marca blanca","breadcrumb":{"@id":"https:\/\/dascor.net\/#breadcrumb"},"inLanguage":"en-US","potentialAction":[{"@type":"ReadAction","target":["https:\/\/dascor.net\/"]}]},{"@type":"BreadcrumbList","@id":"https:\/\/dascor.net\/#breadcrumb","itemListElement":[{"@type":"ListItem","position":1,"name":"Portada","item":"https:\/\/dascor.net\/"},{"@type":"ListItem","position":2,"name":"Inicio"}]},{"@type":"WebSite","@id":"https:\/\/dascor.net\/#website","url":"https:\/\/dascor.net\/","name":"dascor","description":"Otro sitio realizado con WordPress","potentialAction":[{"@type":"SearchAction","target":{"@type":"EntryPoint","urlTemplate":"https:\/\/dascor.net\/?s={search_term_string}"},"query-input":{"@type":"PropertyValueSpecification","valueRequired":true,"valueName":"search_term_string"}}],"inLanguage":"en-US"}]}},"_links":{"self":[{"href":"https:\/\/dascor.net\/en\/wp-json\/wp\/v2\/pages\/2","targetHints":{"allow":["GET"]}}],"collection":[{"href":"https:\/\/dascor.net\/en\/wp-json\/wp\/v2\/pages"}],"about":[{"href":"https:\/\/dascor.net\/en\/wp-json\/wp\/v2\/types\/page"}],"author":[{"embeddable":true,"href":"https:\/\/dascor.net\/en\/wp-json\/wp\/v2\/users\/1"}],"replies":[{"embeddable":true,"href":"https:\/\/dascor.net\/en\/wp-json\/wp\/v2\/comments?post=2"}],"version-history":[{"count":30,"href":"https:\/\/dascor.net\/en\/wp-json\/wp\/v2\/pages\/2\/revisions"}],"predecessor-version":[{"id":144,"href":"https:\/\/dascor.net\/en\/wp-json\/wp\/v2\/pages\/2\/revisions\/144"}],"wp:attachment":[{"href":"https:\/\/dascor.net\/en\/wp-json\/wp\/v2\/media?parent=2"}],"curies":[{"name":"wp","href":"https:\/\/api.w.org\/{rel}","templated":true}]}}