{"id":9,"date":"2017-02-07T12:24:55","date_gmt":"2017-02-07T12:24:55","guid":{"rendered":"http:\/\/dascor.net\/?page_id=9"},"modified":"2021-06-14T05:52:40","modified_gmt":"2021-06-14T05:52:40","slug":"products","status":"publish","type":"page","link":"https:\/\/dascor.net\/en\/adhesive-products\/","title":{"rendered":"Products"},"content":{"rendered":"<p><\/p>\n<article class=\"container\">\n<div class=\"row\">\n<div class=\"col-lg-10 col-md-offset-1\">\n<div class=\"row\">\n<div class=\"div_primer_producto\">\n<div class=\"col-md-6 row_sin_padding primer_producto\">\n<h1>Discover the<br \/>safest<br \/>solutions in adhesive<br \/>tape<\/h1>\n<\/p><\/div>\n<\/p><\/div>\n<div class=\"col-md-6 row_sin_padding\">\n              <a href=\"\" id=\"hover_producto_1\" class=\"inicio_1productos productos_margin_productos inicio_ban_inferior\" style=\"background-image:url(\/wp-content\/themes\/dascor\/img\/productos\/cintas-especiales-una-cara.jpg)\"><\/p>\n<div class=\"hover_productos_absolute\" id=\"hover_productos_absolute_1\">\n<div class=\"hover_productos_relative_left\" id=\"hover_productos_relative_1\">\n<p>\n                      Labelling and identification<br \/>\n                      Dissipation of heat and cold<br \/>\n                      Sliding and non-slip surfaces<br \/>\n                      Double-sided non-repulpable tapes<br \/>\n                      High-temperature connections and masking<br \/>\n                      Sealing tapes<br \/>\n                      Tape for electroplating processes\n                    <\/p>\n<\/p><\/div>\n<\/p><\/div>\n<div class=\"cont_cont\">\n<h2>Special single-sided tapes<\/h2>\n<\/p><\/div>\n<div class=\"cont_big_ban ban_color3\"><\/div>\n<p>              <\/a>\n           <\/div>\n<div class=\"col-md-6 row_sin_padding\">\n              <a href=\"\" id=\"hover_producto_2\" class=\"inicio_1productos productos_margin_productos cont_ban_right\" style=\"background-image:url(\/wp-content\/themes\/dascor\/img\/productos\/cintas-de-tela.jpg)\"><\/p>\n<div class=\"hover_productos_absolute\" id=\"hover_productos_absolute_2\">\n<div class=\"hover_productos_relative_right\" id=\"hover_productos_relative_2\">\n<p>\n                      High performance duct tapes<br \/>\n                      General use duct tape\n                    <\/p>\n<\/p><\/div>\n<\/p><\/div>\n<div class=\"cont_cont\">\n<h2>Cloth Tapes<\/h2>\n<\/p><\/div>\n<div class=\"cont_big_ban ban_color3\"><\/div>\n<p>              <\/a>\n           <\/div>\n<div class=\"col-md-6 row_sin_padding\">\n              <a href=\"\" id=\"hover_producto_3\" class=\"inicio_1productos productos_margin_productos cont_ban_right\" style=\"background-image:url(\/wp-content\/themes\/dascor\/img\/productos\/cintas-de-enmascarado.jpg)\"><\/p>\n<div class=\"hover_productos_absolute\" id=\"hover_productos_absolute_3\">\n<div class=\"hover_productos_relative_left\" id=\"hover_productos_relative_3\">\n<p>\n                      Masking tapes\n                    <\/p>\n<\/p><\/div>\n<\/p><\/div>\n<div class=\"cont_cont\">\n<h2>Masking tapes<\/h2>\n<\/p><\/div>\n<div class=\"cont_big_ban ban_color3\"><\/div>\n<p>              <\/a>\n           <\/div>\n<div class=\"col-md-6 row_sin_padding\">\n              <a href=\"\" id=\"hover_producto_4\" class=\"inicio_1productos productos_margin_productos inicio_ban_inferior\" style=\"background-image:url(\/wp-content\/themes\/dascor\/img\/productos\/cintas-de-filamento-y-strapping.jpg)\"><\/p>\n<div class=\"hover_productos_absolute\" id=\"hover_productos_absolute_4\">\n<div class=\"hover_productos_relative_right\" id=\"hover_productos_relative_4\">\n<p>\n                      Filament tapes<br \/>\n                      Strapping tapes<br \/>\n                      Small-format products\n                    <\/p>\n<\/p><\/div>\n<\/p><\/div>\n<div class=\"cont_cont\">\n<h2>Filament and strapping tapes<\/h2>\n<\/p><\/div>\n<div class=\"cont_big_ban ban_color3\"><\/div>\n<p>              <\/a>\n           <\/div>\n<div class=\"col-md-6 row_sin_padding\">\n              <a href=\"\" id=\"hover_producto_5\" class=\"inicio_1productos productos_margin_productos inicio_ban_inferior producto_derecha\" style=\"background-image:url(\/wp-content\/themes\/dascor\/img\/productos\/cintas-repulpables.jpg)\"><\/p>\n<div class=\"hover_productos_absolute\" id=\"hover_productos_absolute_5\">\n<div class=\"hover_productos_relative_left\" id=\"hover_productos_relative_5\">\n<p>\n                        Separable double-sided repulpable tapes<br \/>\n                      Non-separable double-sided repulpable tapes<br \/>\n                      Single-sided repulpable tapes<br \/>\n                      Non-repulpable double-sided tapes\n                      <\/p>\n<\/p><\/div>\n<\/p><\/div>\n<div class=\"cont_cont\">\n<h2>Repulpable tapes<\/h2>\n<\/p><\/div>\n<div class=\"cont_big_ban ban_color3\"><\/div>\n<p>              <\/a>\n           <\/div>\n<div class=\"col-md-6 row_sin_padding\">\n              <a href=\"\" id=\"hover_producto_6\" class=\"inicio_1productos productos_margin_productos cont_ban_right\" style=\"background-image:url(\/wp-content\/themes\/dascor\/img\/productos\/cintas-de-doble-cara-finas.jpg)\"><\/p>\n<div class=\"hover_productos_absolute\" id=\"hover_productos_absolute_6\">\n<div class=\"hover_productos_relative_right\" id=\"hover_productos_relative_6\">\n<p>\n                     High performance tapes<br \/>\n                      Carpet tapes<br \/>\n                      Repositionable tapes<br \/>\n                      Transfer tapes<br \/>\n                      VHB-ISOTAC transfer tapes<br \/>\n                      ATG tapes<br \/>\n                      ATG equipment\n                    <\/p>\n<\/p><\/div>\n<\/p><\/div>\n<div class=\"cont_cont\">\n<h2>Thin double-sided tapes<\/h2>\n<\/p><\/div>\n<div class=\"cont_big_ban ban_color3\"><\/div>\n<p>              <\/a>\n           <\/div>\n<div class=\"col-md-6 row_sin_padding\">\n              <a href=\"\" id=\"hover_producto_7\" class=\"inicio_1productos productos_margin_productos cont_ban_right\" style=\"background-image:url(\/wp-content\/themes\/dascor\/img\/productos\/cintas-de-doble-cara-de-espumas.jpg)\"><\/p>\n<div class=\"hover_productos_absolute\" id=\"hover_productos_absolute_7\">\n<div class=\"hover_productos_relative_left\" id=\"hover_productos_relative_7\">\n<p>\n                        PE foam tapes<br \/>\n                      PU foam tapes<br \/>\n                      Small-format products\n                      <\/p>\n<\/p><\/div>\n<\/p><\/div>\n<div class=\"cont_cont\">\n<h2>Double-sided foam tapes<\/h2>\n<\/p><\/div>\n<div class=\"cont_big_ban ban_color3\"><\/div>\n<p>              <\/a>\n           <\/div>\n<div class=\"col-md-6 row_sin_padding\">\n              <a href=\"\" id=\"hover_producto_8\" class=\"inicio_1productos productos_margin_productos inicio_ban_inferior\" style=\"background-image:url(\/wp-content\/themes\/dascor\/img\/productos\/cintas-vhb.jpg)\"><\/p>\n<div class=\"hover_productos_absolute\" id=\"hover_productos_absolute_8\">\n<div class=\"hover_productos_relative_right\" id=\"hover_productos_relative_8\">\n<p>\n                      General use VHB RP<br \/>\n                      VHB for high temperatures<br \/>\n                      Transparent VHB tapes<br \/>\n                      Formable VHB tapes<br \/>\n                      VHB tapes for difficult substrates and powder coating<br \/>\n                      VHB for application at low temperatures<br \/>\n                      High shear strength VHB\n                    <\/p>\n<\/p><\/div>\n<\/p><\/div>\n<div class=\"cont_cont\">\n<h2>VHB tapes<\/h2>\n<\/p><\/div>\n<div class=\"cont_big_ban ban_color3\"><\/div>\n<p>              <\/a>\n           <\/div>\n<div class=\"col-md-6 row_sin_padding\">\n              <a href=\"\" id=\"hover_producto_9\" class=\"inicio_1productos productos_margin_productos inicio_ban_inferior producto_derecha\" style=\"background-image:url(\/wp-content\/themes\/dascor\/img\/productos\/cintas-de-enmascarado.jpg)\"><\/p>\n<div class=\"hover_productos_absolute\" id=\"hover_productos_absolute_9\">\n<div class=\"hover_productos_relative_left\" id=\"hover_productos_relative_9\">\n<p>\n                        Black self-closing Dual Lock<br \/>\n                      Transparent self-closing Dual Lock<br \/>\n                      Black lock one another Dual Lock<br \/>\n                      Low thickness Dual Lock<br \/>\n                      Hook &#038; Loop\n                      <\/p>\n<\/p><\/div>\n<\/p><\/div>\n<div class=\"cont_cont\">\n<h2>Removable joining systems<\/h2>\n<\/p><\/div>\n<div class=\"cont_big_ban ban_color3\"><\/div>\n<p>              <\/a>\n           <\/div>\n<div class=\"col-md-6 row_sin_padding\">\n              <a href=\"\" id=\"hover_producto_10\" class=\"inicio_1productos productos_margin_productos cont_ban_right\" style=\"background-image:url(\/wp-content\/themes\/dascor\/img\/productos\/adhesivos-estructurales.jpg)\"><\/p>\n<div class=\"hover_productos_absolute\" id=\"hover_productos_absolute_10\">\n<div class=\"hover_productos_relative_right\" id=\"hover_productos_relative_10\">\n<p>\n                      EPX presentation<br \/>\n                      Applicators and Accessories\n                    <\/p>\n<\/p><\/div>\n<\/p><\/div>\n<div class=\"cont_cont\">\n<h2>Structural adhesives<\/h2>\n<\/p><\/div>\n<div class=\"cont_big_ban ban_color3\"><\/div>\n<p>              <\/a>\n           <\/div>\n<div class=\"col-md-6 row_sin_padding\">\n              <a href=\"\" id=\"hover_producto_11\" class=\"inicio_1productos productos_margin_productos cont_ban_right\" style=\"background-image:url(\/wp-content\/themes\/dascor\/img\/productos\/adhesivos-scotchweld.jpg)\"><\/p>\n<div class=\"hover_productos_absolute\" id=\"hover_productos_absolute_11\">\n<div class=\"hover_productos_relative_left\" id=\"hover_productos_relative_11\">\n<p>\n                        Instant Adhesives<br \/>\n                      Gasketing adhesives<br \/>\n                      Thread sealants<br \/>\n                      Retaining compounds<br \/>\n                      Threadlockers<br \/>\n                      Accelerators\n                      <\/p>\n<\/p><\/div>\n<\/p><\/div>\n<div class=\"cont_cont\">\n<h2>ScotchWeld Adhesives<\/h2>\n<\/p><\/div>\n<div class=\"cont_big_ban ban_color3\"><\/div>\n<p>              <\/a>\n           <\/div>\n<div class=\"col-md-6 row_sin_padding\">\n              <a href=\"\" id=\"hover_producto_12\" class=\"inicio_1productos productos_margin_productos inicio_ban_inferior\" style=\"background-image:url(\/wp-content\/themes\/dascor\/img\/productos\/adhesivos-en-base-al-agua.jpg)\"><\/p>\n<div class=\"hover_productos_absolute\" id=\"hover_productos_absolute_12\">\n<div class=\"hover_productos_relative_right\" id=\"hover_productos_relative_12\">\n<p>\n                      Water-based adhesives\n                    <\/p>\n<\/p><\/div>\n<\/p><\/div>\n<div class=\"cont_cont\">\n<h2>Water-based adhesives<\/h2>\n<\/p><\/div>\n<div class=\"cont_big_ban ban_color3\"><\/div>\n<p>              <\/a>\n           <\/div>\n<div class=\"col-md-6 row_sin_padding\">\n              <a href=\"\" id=\"hover_producto_13\" class=\"inicio_1productos productos_margin_productos inicio_ban_inferior producto_derecha\" style=\"background-image:url(\/wp-content\/themes\/dascor\/img\/productos\/adhesivos-en-disolucion.jpg)\"><\/p>\n<div class=\"hover_productos_absolute\" id=\"hover_productos_absolute_13\">\n<div class=\"hover_productos_relative_left\" id=\"hover_productos_relative_13\">\n<p>\n                        Solvent-based adhesives\n                      <\/p>\n<\/p><\/div>\n<\/p><\/div>\n<div class=\"cont_cont\">\n<h2>Solvent adhesives<\/h2>\n<\/p><\/div>\n<div class=\"cont_big_ban ban_color3\"><\/div>\n<p>              <\/a>\n           <\/div>\n<div class=\"col-md-6 row_sin_padding\">\n              <a href=\"\" id=\"hover_producto_14\" class=\"inicio_1productos productos_margin_productos cont_ban_right\" style=\"background-image:url(\/wp-content\/themes\/dascor\/img\/productos\/adhesivos-aerosol.jpg)\"><\/p>\n<div class=\"hover_productos_absolute\" id=\"hover_productos_absolute_14\">\n<div class=\"hover_productos_relative_right\" id=\"hover_productos_relative_14\">\n<p>\n                      Aerosols<br \/>\n                      Lubricants<br \/>\n                      Cleaners\n                    <\/p>\n<\/p><\/div>\n<\/p><\/div>\n<div class=\"cont_cont\">\n<h2>Aerosol Adhesives<\/h2>\n<\/p><\/div>\n<div class=\"cont_big_ban ban_color3\"><\/div>\n<p>              <\/a>\n           <\/div>\n<div class=\"col-md-6 row_sin_padding\">\n              <a href=\"\" id=\"hover_producto_15\" class=\"inicio_1productos productos_margin_productos cont_ban_right\" style=\"background-image:url(\/wp-content\/themes\/dascor\/img\/productos\/adhesivos-en-bombona.jpg)\"><\/p>\n<div class=\"hover_productos_absolute\" id=\"hover_productos_absolute_15\">\n<div class=\"hover_productos_relative_left\" id=\"hover_productos_relative_15\">\n<p>\n                        Cylinder spray adhesives<br \/>\n                      Nozzles<br \/>\n                      Components\n                      <\/p>\n<\/p><\/div>\n<\/p><\/div>\n<div class=\"cont_cont\">\n<h2>Cylinder spray adhesives<\/h2>\n<\/p><\/div>\n<div class=\"cont_big_ban ban_color3\"><\/div>\n<p>              <\/a>\n           <\/div>\n<div class=\"col-md-6 row_sin_padding\">\n              <a href=\"\" id=\"hover_producto_16\" class=\"inicio_1productos productos_margin_productos inicio_ban_inferior\" style=\"background-image:url(\/wp-content\/themes\/dascor\/img\/productos\/selladoras.jpg)\"><\/p>\n<div class=\"hover_productos_absolute\" id=\"hover_productos_absolute_16\">\n<div class=\"hover_productos_relative_right\" id=\"hover_productos_relative_16\">\n<p>\n                      Polyurethanes<br \/>\n                      Hybrid windscreen bonding<br \/>\n                      Preformed Primer sealants\n                    <\/p>\n<\/p><\/div>\n<\/p><\/div>\n<div class=\"cont_cont\">\n<h2>Sealants<\/h2>\n<\/p><\/div>\n<div class=\"cont_big_ban ban_color3\"><\/div>\n<p>              <\/a>\n           <\/div>\n<div class=\"col-md-6 row_sin_padding\">\n              <a href=\"\" id=\"hover_producto_17\" class=\"inicio_1productos productos_margin_productos inicio_ban_inferior producto_derecha\" style=\"background-image:url(\/wp-content\/themes\/dascor\/img\/productos\/adhesivos-termofusibles.jpg)\"><\/p>\n<div class=\"hover_productos_absolute\" id=\"hover_productos_absolute_17\">\n<div class=\"hover_productos_relative_left\" id=\"hover_productos_relative_17\">\n<p>\n                        TCQ hot-melt adhesive<br \/>\n                      TCQ hot-melt applicator<br \/>\n                      Reactive hot-melt adhesives<br \/>\n                      Applicators and Accessories for reactive hot-melt adhesives\n                      <\/p>\n<\/p><\/div>\n<\/p><\/div>\n<div class=\"cont_cont\">\n<h2>Hot-melt \/ reactive adhesives<\/h2>\n<\/p><\/div>\n<div class=\"cont_big_ban ban_color3\"><\/div>\n<p>              <\/a>\n          <\/div>\n<\/p><\/div>\n<div class=\"row a-boton\">\n<div class=\"col-md-12\" style=\"text-align: center;\">\n            <a href=\"https:\/\/www.3m.com.es\/3M\/es_ES\/p\/\" class=\"hvr-sweep-to-bottom boton_catalago_online enlace_productos_catalogo\" target=\"_blank\" rel=\"noopener\">Access the online catalogue<\/a>\n          <\/div>\n<\/p><\/div>\n<\/p><\/div>\n<\/p><\/div>\n<\/article>\n<p><\/p>","protected":false},"excerpt":{"rendered":"<p>Discover thesafestsolutions in adhesivetape Labelling and identification Dissipation of heat and cold Sliding and non-slip surfaces Double-sided non-repulpable tapes High-temperature connections and masking Sealing tapes Tape for electroplating processes Special single-sided tapes High performance duct tapes General use duct tape Cloth Tapes Masking tapes Masking tapes Filament tapes Strapping tapes Small-format products Filament and strapping [&hellip;]<\/p>\n","protected":false},"author":1,"featured_media":0,"parent":0,"menu_order":20,"comment_status":"closed","ping_status":"closed","template":"","meta":{"_acf_changed":false,"footnotes":""},"class_list":["post-9","page","type-page","status-publish","hentry"],"acf":[],"yoast_head":"<!-- This site is optimized with the Yoast SEO plugin v24.6 - https:\/\/yoast.com\/wordpress\/plugins\/seo\/ -->\n<title>Safe solutions in adhesive tape | Adhesive Product Companies<\/title>\n<meta name=\"description\" content=\"Specialists in adhesive tapes for all kinds of sectors and needs. More than 30 years of experience in the conversion of adhesive tapes.\" \/>\n<meta name=\"robots\" content=\"index, follow, max-snippet:-1, max-image-preview:large, max-video-preview:-1\" \/>\n<link rel=\"canonical\" href=\"https:\/\/dascor.net\/productos-adhesivos\/\" \/>\n<meta property=\"og:locale\" content=\"en_US\" \/>\n<meta property=\"og:type\" content=\"article\" \/>\n<meta property=\"og:title\" content=\"[:es]Soluciones seguras en cinta adhesiva | Empresas Productos Adhesivos[:en]Safe solutions in adhesive tape | Adhesive Product Companies[:]\" \/>\n<meta property=\"og:description\" content=\"{:es}Especialistas en cintas adhesivas para todo tipo de sectores y necesidades. M\u00e1s de 30 a\u00f1os de experiencia en manipulaci\u00f3n de cintas adhesivas.{:en}Specialists in adhesive tapes for all kinds of sectors and needs. More than 30 years of experience in the conversion of adhesive tapes.{:}\" \/>\n<meta property=\"og:url\" content=\"https:\/\/dascor.net\/productos-adhesivos\/\" \/>\n<meta property=\"og:site_name\" content=\"dascor\" \/>\n<meta property=\"article:modified_time\" content=\"2021-06-14T05:52:40+00:00\" \/>\n<meta name=\"twitter:card\" content=\"summary_large_image\" \/>\n<meta name=\"twitter:label1\" content=\"Est. reading time\" \/>\n\t<meta name=\"twitter:data1\" content=\"3 minutes\" \/>\n<script type=\"application\/ld+json\" class=\"yoast-schema-graph\">{\"@context\":\"https:\/\/schema.org\",\"@graph\":[{\"@type\":\"WebPage\",\"@id\":\"https:\/\/dascor.net\/productos-adhesivos\/\",\"url\":\"https:\/\/dascor.net\/productos-adhesivos\/\",\"name\":\"[:es]Soluciones seguras en cinta adhesiva | Empresas Productos Adhesivos[:en]Safe solutions in adhesive tape | Adhesive Product Companies[:]\",\"isPartOf\":{\"@id\":\"https:\/\/dascor.net\/#website\"},\"datePublished\":\"2017-02-07T12:24:55+00:00\",\"dateModified\":\"2021-06-14T05:52:40+00:00\",\"description\":\"{:es}Especialistas en cintas adhesivas para todo tipo de sectores y necesidades. M\u00e1s de 30 a\u00f1os de experiencia en manipulaci\u00f3n de cintas adhesivas.{:en}Specialists in adhesive tapes for all kinds of sectors and needs. More than 30 years of experience in the conversion of adhesive tapes.{:}\",\"breadcrumb\":{\"@id\":\"https:\/\/dascor.net\/productos-adhesivos\/#breadcrumb\"},\"inLanguage\":\"en-US\",\"potentialAction\":[{\"@type\":\"ReadAction\",\"target\":[\"https:\/\/dascor.net\/productos-adhesivos\/\"]}]},{\"@type\":\"BreadcrumbList\",\"@id\":\"https:\/\/dascor.net\/productos-adhesivos\/#breadcrumb\",\"itemListElement\":[{\"@type\":\"ListItem\",\"position\":1,\"name\":\"Portada\",\"item\":\"https:\/\/dascor.net\/\"},{\"@type\":\"ListItem\",\"position\":2,\"name\":\"Productos adhesivos\"}]},{\"@type\":\"WebSite\",\"@id\":\"https:\/\/dascor.net\/#website\",\"url\":\"https:\/\/dascor.net\/\",\"name\":\"dascor\",\"description\":\"Otro sitio realizado con WordPress\",\"potentialAction\":[{\"@type\":\"SearchAction\",\"target\":{\"@type\":\"EntryPoint\",\"urlTemplate\":\"https:\/\/dascor.net\/?s={search_term_string}\"},\"query-input\":{\"@type\":\"PropertyValueSpecification\",\"valueRequired\":true,\"valueName\":\"search_term_string\"}}],\"inLanguage\":\"en-US\"}]}<\/script>\n<!-- \/ Yoast SEO plugin. -->","yoast_head_json":{"title":"Safe solutions in adhesive tape | Adhesive Product Companies","description":"Specialists in adhesive tapes for all kinds of sectors and needs. More than 30 years of experience in the conversion of adhesive tapes.","robots":{"index":"index","follow":"follow","max-snippet":"max-snippet:-1","max-image-preview":"max-image-preview:large","max-video-preview":"max-video-preview:-1"},"canonical":"https:\/\/dascor.net\/productos-adhesivos\/","og_locale":"en_US","og_type":"article","og_title":"[:es]Soluciones seguras en cinta adhesiva | Empresas Productos Adhesivos[:en]Safe solutions in adhesive tape | Adhesive Product Companies[:]","og_description":"{:es}Especialistas en cintas adhesivas para todo tipo de sectores y necesidades. M\u00e1s de 30 a\u00f1os de experiencia en manipulaci\u00f3n de cintas adhesivas.{:en}Specialists in adhesive tapes for all kinds of sectors and needs. More than 30 years of experience in the conversion of adhesive tapes.{:}","og_url":"https:\/\/dascor.net\/productos-adhesivos\/","og_site_name":"dascor","article_modified_time":"2021-06-14T05:52:40+00:00","twitter_card":"summary_large_image","twitter_misc":{"Est. reading time":"3 minutes"},"schema":{"@context":"https:\/\/schema.org","@graph":[{"@type":"WebPage","@id":"https:\/\/dascor.net\/productos-adhesivos\/","url":"https:\/\/dascor.net\/productos-adhesivos\/","name":"[:es]Soluciones seguras en cinta adhesiva | Empresas Productos Adhesivos[:en]Safe solutions in adhesive tape | Adhesive Product Companies[:]","isPartOf":{"@id":"https:\/\/dascor.net\/#website"},"datePublished":"2017-02-07T12:24:55+00:00","dateModified":"2021-06-14T05:52:40+00:00","description":"{:es}Especialistas en cintas adhesivas para todo tipo de sectores y necesidades. M\u00e1s de 30 a\u00f1os de experiencia en manipulaci\u00f3n de cintas adhesivas.{:en}Specialists in adhesive tapes for all kinds of sectors and needs. More than 30 years of experience in the conversion of adhesive tapes.{:}","breadcrumb":{"@id":"https:\/\/dascor.net\/productos-adhesivos\/#breadcrumb"},"inLanguage":"en-US","potentialAction":[{"@type":"ReadAction","target":["https:\/\/dascor.net\/productos-adhesivos\/"]}]},{"@type":"BreadcrumbList","@id":"https:\/\/dascor.net\/productos-adhesivos\/#breadcrumb","itemListElement":[{"@type":"ListItem","position":1,"name":"Portada","item":"https:\/\/dascor.net\/"},{"@type":"ListItem","position":2,"name":"Productos adhesivos"}]},{"@type":"WebSite","@id":"https:\/\/dascor.net\/#website","url":"https:\/\/dascor.net\/","name":"dascor","description":"Otro sitio realizado con WordPress","potentialAction":[{"@type":"SearchAction","target":{"@type":"EntryPoint","urlTemplate":"https:\/\/dascor.net\/?s={search_term_string}"},"query-input":{"@type":"PropertyValueSpecification","valueRequired":true,"valueName":"search_term_string"}}],"inLanguage":"en-US"}]}},"_links":{"self":[{"href":"https:\/\/dascor.net\/en\/wp-json\/wp\/v2\/pages\/9","targetHints":{"allow":["GET"]}}],"collection":[{"href":"https:\/\/dascor.net\/en\/wp-json\/wp\/v2\/pages"}],"about":[{"href":"https:\/\/dascor.net\/en\/wp-json\/wp\/v2\/types\/page"}],"author":[{"embeddable":true,"href":"https:\/\/dascor.net\/en\/wp-json\/wp\/v2\/users\/1"}],"replies":[{"embeddable":true,"href":"https:\/\/dascor.net\/en\/wp-json\/wp\/v2\/comments?post=9"}],"version-history":[{"count":9,"href":"https:\/\/dascor.net\/en\/wp-json\/wp\/v2\/pages\/9\/revisions"}],"predecessor-version":[{"id":158,"href":"https:\/\/dascor.net\/en\/wp-json\/wp\/v2\/pages\/9\/revisions\/158"}],"wp:attachment":[{"href":"https:\/\/dascor.net\/en\/wp-json\/wp\/v2\/media?parent=9"}],"curies":[{"name":"wp","href":"https:\/\/api.w.org\/{rel}","templated":true}]}}